{"id":6267,"date":"2026-01-23T17:56:37","date_gmt":"2026-01-23T22:56:37","guid":{"rendered":"https:\/\/kuaspa.com\/?page_id=6267"},"modified":"2026-03-30T09:51:18","modified_gmt":"2026-03-30T14:51:18","slug":"hidroexperiencia","status":"publish","type":"page","link":"https:\/\/kuaspa.com\/en\/terapias\/hidroexperiencia\/","title":{"rendered":"Hidroexperiencia"},"content":{"rendered":"<div data-elementor-type=\"wp-page\" data-elementor-id=\"6267\" class=\"elementor elementor-6267\" data-elementor-post-type=\"page\">\n\t\t\t\t<div class=\"elementor-element elementor-element-69da60e e-flex e-con-boxed e-con e-parent\" data-id=\"69da60e\" data-element_type=\"container\" data-e-type=\"container\" data-settings=\"{&quot;background_background&quot;:&quot;classic&quot;}\">\n\t\t\t\t\t<div class=\"e-con-inner\">\n\t\t\t\t<div class=\"elementor-element elementor-element-2888767 elementor-widget elementor-widget-heading\" data-id=\"2888767\" data-element_type=\"widget\" data-e-type=\"widget\" data-widget_type=\"heading.default\">\n\t\t\t\t\t<h2 class=\"elementor-heading-title elementor-size-default\">HYDROEXPERIENCE<\/h2>\t\t\t\t<\/div>\n\t\t\t\t\t<\/div>\n\t\t\t\t<\/div>\n\t\t<div class=\"elementor-element elementor-element-7af6bbc e-flex e-con-boxed e-con e-parent\" data-id=\"7af6bbc\" data-element_type=\"container\" data-e-type=\"container\">\n\t\t\t\t\t<div class=\"e-con-inner\">\n\t\t\t\t<div class=\"elementor-element elementor-element-4d4fa34 elementor-widget elementor-widget-spacer\" data-id=\"4d4fa34\" data-element_type=\"widget\" data-e-type=\"widget\" data-widget_type=\"spacer.default\">\n\t\t\t\t\t\t\t<div class=\"elementor-spacer\">\n\t\t\t<div class=\"elementor-spacer-inner\"><\/div>\n\t\t<\/div>\n\t\t\t\t\t\t<\/div>\n\t\t\t\t\t<\/div>\n\t\t\t\t<\/div>\n\t\t<div class=\"elementor-element elementor-element-9ae20e0 e-flex e-con-boxed e-con e-parent\" data-id=\"9ae20e0\" data-element_type=\"container\" data-e-type=\"container\">\n\t\t\t\t\t<div class=\"e-con-inner\">\n\t\t<div class=\"elementor-element elementor-element-e1c2aae e-con-full e-flex e-con e-child\" data-id=\"e1c2aae\" data-element_type=\"container\" data-e-type=\"container\">\n\t\t\t\t<div class=\"elementor-element elementor-element-fbeda2f elementor-widget elementor-widget-text-editor\" data-id=\"fbeda2f\" data-element_type=\"widget\" data-e-type=\"widget\" data-widget_type=\"text-editor.default\">\n\t\t\t\t\t\t\t\t\t<ul><li><strong>Step 1 \u2013 Hammam steam bath.<\/strong><br \/>Let yourself be enveloped in the mist and earth salts, so that your mind and body can separate from stress.<\/li><li><strong>Step 2 \u2013 Chromotherapy Bath.<\/strong><br \/>Recharge with light and color.<\/li><li><strong>Step 3 \u2013 Finnish Sauna.<\/strong><br \/>Purify your body by eliminating toxins and heavy metals.<\/li><li><strong>Step 4 \u2013 Impact Cube.<\/strong><br \/>Let yourself be shocked by a thermal shock and leave tiredness behind.<\/li><li><strong>Step 5 \u2013 Flotarium.<\/strong><br \/>Like the Dead Sea, float. Focus on being and leave your burdens behind.<\/li><li><strong>Step 6 \u2013 Relaxing mud bar.<\/strong><br \/>While you rest, the medicinal chromatic mud that you need will work on you.<\/li><li><strong>Step 7 \u2013 Jungle Dew.<\/strong><br \/>A bath of enveloping cool mist, in the density of the jungle.<\/li><li><strong>Step 8 \u2013 Contrast immersion.<\/strong><br \/>Immerse yourself in two extreme temperatures.<\/li><\/ul>\t\t\t\t\t\t\t\t<\/div>\n\t\t\t\t<\/div>\n\t\t<div class=\"elementor-element elementor-element-cf0fc4e e-con-full e-flex e-con e-child\" data-id=\"cf0fc4e\" data-element_type=\"container\" data-e-type=\"container\">\n\t\t\t\t<div class=\"elementor-element elementor-element-af5a057 elementor-widget elementor-widget-heading\" data-id=\"af5a057\" data-element_type=\"widget\" data-e-type=\"widget\" data-widget_type=\"heading.default\">\n\t\t\t\t\t<h4 class=\"elementor-heading-title elementor-size-default\">VITALITY POOL<\/h4>\t\t\t\t<\/div>\n\t\t\t\t<div class=\"elementor-element elementor-element-42ed0fc elementor-widget elementor-widget-text-editor\" data-id=\"42ed0fc\" data-element_type=\"widget\" data-e-type=\"widget\" data-widget_type=\"text-editor.default\">\n\t\t\t\t\t\t\t\t\t<ul><li>Footbath<\/li><li>Hydromassage area<\/li><li>Relaxing waterfalls<\/li><li>Therapeutic cannons<\/li><li>Rain shower<\/li><li>Solarium waters<\/li><\/ul>\t\t\t\t\t\t\t\t<\/div>\n\t\t\t\t<div class=\"elementor-element elementor-element-1c6585b elementor-widget elementor-widget-price-list\" data-id=\"1c6585b\" data-element_type=\"widget\" data-e-type=\"widget\" data-widget_type=\"price-list.default\">\n\t\t\t\t\t\n\t\t<ul class=\"elementor-price-list\">\n\n\t\t\t\t\t\t\t\t\t<li><a class=\"elementor-price-list-item\" href=\"#\">\t\t\t\t\n\t\t\t\t<div class=\"elementor-price-list-text\">\n\t\t\t\t\t\t\t\t\t<div class=\"elementor-price-list-header\">\n\t\t\t\t\t\t\t\t\t\t\t<span class=\"elementor-price-list-title\">\n\t\t\t\t\t\t\tCIRCUIT PRICE:\t\t\t\t\t\t<\/span>\n\t\t\t\t\t\t\t\t\t\t\t\t\t\t\t\t\t\t<span class=\"elementor-price-list-separator\"><\/span>\n\t\t\t\t\t\t\t\t\t\t\t\t\t\t\t\t\t\t\t<span class=\"elementor-price-list-price\">$350.000 COP<\/span>\n\t\t\t\t\t\t\t\t\t\t<\/div>\n\t\t\t\t\t\t\t\t\t\t\t\t\t\t\t<p class=\"elementor-price-list-description\">\n\t\t\t\t\t\t\tDURATION: 90 MIN\t\t\t\t\t\t<\/p>\n\t\t\t\t\t\t\t\t<\/div>\n\t\t\t\t<\/a><\/li>\t\t\t\t\t\n\t\t<\/ul>\n\n\t\t\t\t\t\t<\/div>\n\t\t\t\t<div class=\"elementor-element elementor-element-44f2106 elementor-align-left elementor-mobile-align-center elementor-widget elementor-widget-ld_button\" data-id=\"44f2106\" data-element_type=\"widget\" data-e-type=\"widget\" data-widget_type=\"ld_button.default\">\n\t\t\t\t<div class=\"elementor-widget-container\">\n\t\t\t\t\t\n\t\t\t<a\n\t\t\t\thref=\"\/en\/reservas\/\"class=\"elementor-button btn btn-solid btn-hover-txt-liquid-y-alt btn-xsm btn-icon-shaped btn-has-label\"\t\t\t>\n\t\t\t\t\t\t\t\t\t<span data-text=\"RESERVA YA\" class=\"btn-txt\" data-transition-delay=\"true\" data-delay-options=\"{&quot;elements&quot;: &quot;.lqd-chars&quot;, &quot;delayType&quot;: &quot;animation&quot;, &quot;startDelay&quot;: 0, &quot;delayBetween&quot;: 32.5}\" data-split-text=\"true\" data-split-options=\"{&quot;type&quot;: &quot;chars, words&quot;}\">\n\t\t\t\t\t\tBOOK NOW\t\t\t\t\t<\/span>\n\t\t\t\t\t\t\t\t\t\t\t<\/a>\n\t\t\t\t\t\t\t<\/div>\n\t\t\t\t<\/div>\n\t\t\t\t<\/div>\n\t\t\t\t\t<\/div>\n\t\t\t\t<\/div>\n\t\t<div class=\"elementor-element elementor-element-5c3038d e-flex e-con-boxed e-con e-parent\" data-id=\"5c3038d\" data-element_type=\"container\" data-e-type=\"container\">\n\t\t\t\t\t<div class=\"e-con-inner\">\n\t\t\t\t<div class=\"elementor-element elementor-element-705238e elementor-widget elementor-widget-spacer\" data-id=\"705238e\" data-element_type=\"widget\" data-e-type=\"widget\" data-widget_type=\"spacer.default\">\n\t\t\t\t\t\t\t<div class=\"elementor-spacer\">\n\t\t\t<div class=\"elementor-spacer-inner\"><\/div>\n\t\t<\/div>\n\t\t\t\t\t\t<\/div>\n\t\t\t\t\t<\/div>\n\t\t\t\t<\/div>\n\t\t\t\t<\/div>","protected":false},"excerpt":{"rendered":"<p>HIDROEXPERIENCIA Paso 1 \u2013 Hammam ba\u00f1o de vapor.D\u00e9jate envolver entre la bruma y sales de tierra, para que tu mente y cuerpo se separen del estr\u00e9s. Paso 2 \u2013 Ba\u00f1o Cromoterapia.Rec\u00e1rgate de luz y color. Paso 3 \u2013 Sauna Finland\u00e9s.Purifica tu cuerpo, eliminando toxinas y metales pesados. Paso 4 \u2013 Cubo de impacto.D\u00e9jate impactar por [&hellip;]<\/p>\n","protected":false},"author":1,"featured_media":5958,"parent":6088,"menu_order":0,"comment_status":"closed","ping_status":"closed","template":"","meta":{"footnotes":""},"class_list":["post-6267","page","type-page","status-publish","has-post-thumbnail","hentry"],"_links":{"self":[{"href":"https:\/\/kuaspa.com\/en\/wp-json\/wp\/v2\/pages\/6267","targetHints":{"allow":["GET"]}}],"collection":[{"href":"https:\/\/kuaspa.com\/en\/wp-json\/wp\/v2\/pages"}],"about":[{"href":"https:\/\/kuaspa.com\/en\/wp-json\/wp\/v2\/types\/page"}],"author":[{"embeddable":true,"href":"https:\/\/kuaspa.com\/en\/wp-json\/wp\/v2\/users\/1"}],"replies":[{"embeddable":true,"href":"https:\/\/kuaspa.com\/en\/wp-json\/wp\/v2\/comments?post=6267"}],"version-history":[{"count":12,"href":"https:\/\/kuaspa.com\/en\/wp-json\/wp\/v2\/pages\/6267\/revisions"}],"predecessor-version":[{"id":6317,"href":"https:\/\/kuaspa.com\/en\/wp-json\/wp\/v2\/pages\/6267\/revisions\/6317"}],"up":[{"embeddable":true,"href":"https:\/\/kuaspa.com\/en\/wp-json\/wp\/v2\/pages\/6088"}],"wp:featuredmedia":[{"embeddable":true,"href":"https:\/\/kuaspa.com\/en\/wp-json\/wp\/v2\/media\/5958"}],"wp:attachment":[{"href":"https:\/\/kuaspa.com\/en\/wp-json\/wp\/v2\/media?parent=6267"}],"curies":[{"name":"wp","href":"https:\/\/api.w.org\/{rel}","templated":true}]}}