{"id":6250,"date":"2026-01-23T17:20:59","date_gmt":"2026-01-23T22:20:59","guid":{"rendered":"https:\/\/kuaspa.com\/?page_id=6250"},"modified":"2026-01-23T17:31:39","modified_gmt":"2026-01-23T22:31:39","slug":"terapias-en-pareja","status":"publish","type":"page","link":"https:\/\/kuaspa.com\/en\/terapias\/terapias-en-pareja\/","title":{"rendered":"Terapias en Pareja"},"content":{"rendered":"<div data-elementor-type=\"wp-page\" data-elementor-id=\"6250\" class=\"elementor elementor-6250\" data-elementor-post-type=\"page\">\n\t\t\t\t<div class=\"elementor-element elementor-element-69da60e e-flex e-con-boxed e-con e-parent\" data-id=\"69da60e\" data-element_type=\"container\" data-e-type=\"container\" data-settings=\"{&quot;background_background&quot;:&quot;classic&quot;}\">\n\t\t\t\t\t<div class=\"e-con-inner\">\n\t\t\t\t<div class=\"elementor-element elementor-element-2888767 elementor-widget elementor-widget-heading\" data-id=\"2888767\" data-element_type=\"widget\" data-e-type=\"widget\" data-widget_type=\"heading.default\">\n\t\t\t\t\t<h4 class=\"elementor-heading-title elementor-size-default translation-block\">COUPLE<br>THERAPIES<\/h4>\t\t\t\t<\/div>\n\t\t\t\t\t<\/div>\n\t\t\t\t<\/div>\n\t\t<div class=\"elementor-element elementor-element-7af6bbc e-flex e-con-boxed e-con e-parent\" data-id=\"7af6bbc\" data-element_type=\"container\" data-e-type=\"container\">\n\t\t\t\t\t<div class=\"e-con-inner\">\n\t\t\t\t<div class=\"elementor-element elementor-element-4d4fa34 elementor-widget elementor-widget-spacer\" data-id=\"4d4fa34\" data-element_type=\"widget\" data-e-type=\"widget\" data-widget_type=\"spacer.default\">\n\t\t\t\t\t\t\t<div class=\"elementor-spacer\">\n\t\t\t<div class=\"elementor-spacer-inner\"><\/div>\n\t\t<\/div>\n\t\t\t\t\t\t<\/div>\n\t\t\t\t\t<\/div>\n\t\t\t\t<\/div>\n\t\t<div class=\"elementor-element elementor-element-9ae20e0 e-flex e-con-boxed e-con e-parent\" data-id=\"9ae20e0\" data-element_type=\"container\" data-e-type=\"container\">\n\t\t\t\t\t<div class=\"e-con-inner\">\n\t\t<div class=\"elementor-element elementor-element-e1c2aae e-con-full e-flex e-con e-child\" data-id=\"e1c2aae\" data-element_type=\"container\" data-e-type=\"container\">\n\t\t\t\t<div class=\"elementor-element elementor-element-915d4f0 elementor-widget elementor-widget-image\" data-id=\"915d4f0\" data-element_type=\"widget\" data-e-type=\"widget\" data-widget_type=\"image.default\">\n\t\t\t\t\t\t\t\t\t\t\t\t\t\t\t<img fetchpriority=\"high\" decoding=\"async\" width=\"484\" height=\"322\" src=\"https:\/\/kuaspa.com\/wp-content\/uploads\/2026\/01\/experencialpareja.jpg\" class=\"attachment-full size-full wp-image-6254\" alt=\"\" srcset=\"https:\/\/kuaspa.com\/wp-content\/uploads\/2026\/01\/experencialpareja.jpg 484w, https:\/\/kuaspa.com\/wp-content\/uploads\/2026\/01\/experencialpareja-300x200.jpg 300w, https:\/\/kuaspa.com\/wp-content\/uploads\/2026\/01\/experencialpareja-18x12.jpg 18w\" sizes=\"(max-width: 484px) 100vw, 484px\" \/>\t\t\t\t\t\t\t\t\t\t\t\t\t\t\t<\/div>\n\t\t\t\t<\/div>\n\t\t<div class=\"elementor-element elementor-element-cf0fc4e e-con-full e-flex e-con e-child\" data-id=\"cf0fc4e\" data-element_type=\"container\" data-e-type=\"container\">\n\t\t\t\t<div class=\"elementor-element elementor-element-af5a057 elementor-widget elementor-widget-heading\" data-id=\"af5a057\" data-element_type=\"widget\" data-e-type=\"widget\" data-widget_type=\"heading.default\">\n\t\t\t\t\t<h4 class=\"elementor-heading-title elementor-size-default\">COUPLE'S EXPERIENCE PLAN<\/h4>\t\t\t\t<\/div>\n\t\t\t\t<div class=\"elementor-element elementor-element-c583a1d elementor-widget elementor-widget-text-editor\" data-id=\"c583a1d\" data-element_type=\"widget\" data-e-type=\"widget\" data-widget_type=\"text-editor.default\">\n\t\t\t\t\t\t\t\t\t<p>The couple's plan is designed to give them a symbol of union and connection outside of the routine of the relationship.<\/p>\t\t\t\t\t\t\t\t<\/div>\n\t\t\t\t<div class=\"elementor-element elementor-element-42ed0fc elementor-widget elementor-widget-text-editor\" data-id=\"42ed0fc\" data-element_type=\"widget\" data-e-type=\"widget\" data-widget_type=\"text-editor.default\">\n\t\t\t\t\t\t\t\t\t<p>The plan includes:<\/p><ul><li>Hydroexperience: 1 hour and 30 minutes.<\/li><li>95-minute massage: Works the whole body + 25-minute private jacuzzi.<\/li><li>Strawberries with chocolate.<\/li><li>1 bottle of sparkling wine.<\/li><li>Cheese board x2 or $50.000 COP redeemable at Pecai Restaurant.<\/li><\/ul>\t\t\t\t\t\t\t\t<\/div>\n\t\t\t\t<div class=\"elementor-element elementor-element-f837098 elementor-widget elementor-widget-price-list\" data-id=\"f837098\" data-element_type=\"widget\" data-e-type=\"widget\" data-widget_type=\"price-list.default\">\n\t\t\t\t\t\n\t\t<ul class=\"elementor-price-list\">\n\n\t\t\t\t\t\t\t\t\t<li><a class=\"elementor-price-list-item\" href=\"#\">\t\t\t\t\n\t\t\t\t<div class=\"elementor-price-list-text\">\n\t\t\t\t\t\t\t\t\t<div class=\"elementor-price-list-header\">\n\t\t\t\t\t\t\t\t\t\t\t<span class=\"elementor-price-list-title\">\n\t\t\t\t\t\t\tPRICE:\t\t\t\t\t\t<\/span>\n\t\t\t\t\t\t\t\t\t\t\t\t\t\t\t\t\t\t<span class=\"elementor-price-list-separator\"><\/span>\n\t\t\t\t\t\t\t\t\t\t\t\t\t\t\t\t\t\t\t<span class=\"elementor-price-list-price\">$1.600.000 COP<\/span>\n\t\t\t\t\t\t\t\t\t\t<\/div>\n\t\t\t\t\t\t\t\t\t\t\t\t\t\t\t<p class=\"elementor-price-list-description\">\n\t\t\t\t\t\t\tDURATION: 270 MIN\t\t\t\t\t\t<\/p>\n\t\t\t\t\t\t\t\t<\/div>\n\t\t\t\t<\/a><\/li>\t\t\t\t\t\n\t\t<\/ul>\n\n\t\t\t\t\t\t<\/div>\n\t\t\t\t<div class=\"elementor-element elementor-element-44f2106 elementor-align-left elementor-mobile-align-center elementor-widget elementor-widget-ld_button\" data-id=\"44f2106\" data-element_type=\"widget\" data-e-type=\"widget\" data-widget_type=\"ld_button.default\">\n\t\t\t\t<div class=\"elementor-widget-container\">\n\t\t\t\t\t\n\t\t\t<a\n\t\t\t\thref=\"\/en\/reservas\/\"class=\"elementor-button btn btn-solid btn-hover-txt-liquid-y-alt btn-xsm btn-icon-shaped btn-has-label\"\t\t\t>\n\t\t\t\t\t\t\t\t\t<span data-text=\"RESERVA YA\" class=\"btn-txt\" data-transition-delay=\"true\" data-delay-options=\"{&quot;elements&quot;: &quot;.lqd-chars&quot;, &quot;delayType&quot;: &quot;animation&quot;, &quot;startDelay&quot;: 0, &quot;delayBetween&quot;: 32.5}\" data-split-text=\"true\" data-split-options=\"{&quot;type&quot;: &quot;chars, words&quot;}\">\n\t\t\t\t\t\tBOOK NOW\t\t\t\t\t<\/span>\n\t\t\t\t\t\t\t\t\t\t\t<\/a>\n\t\t\t\t\t\t\t<\/div>\n\t\t\t\t<\/div>\n\t\t\t\t<\/div>\n\t\t\t\t\t<\/div>\n\t\t\t\t<\/div>\n\t\t<div class=\"elementor-element elementor-element-3c8c719 e-flex e-con-boxed e-con e-parent\" data-id=\"3c8c719\" data-element_type=\"container\" data-e-type=\"container\">\n\t\t\t\t\t<div class=\"e-con-inner\">\n\t\t\t\t<div class=\"elementor-element elementor-element-55ffce4 elementor-widget elementor-widget-heading\" data-id=\"55ffce4\" data-element_type=\"widget\" data-e-type=\"widget\" data-widget_type=\"heading.default\">\n\t\t\t\t\t<p class=\"elementor-heading-title elementor-size-default\">Note: You can choose your massage approach directly at the Spa.<\/p>\t\t\t\t<\/div>\n\t\t\t\t\t<\/div>\n\t\t\t\t<\/div>\n\t\t<div class=\"elementor-element elementor-element-5c3038d e-flex e-con-boxed e-con e-parent\" data-id=\"5c3038d\" data-element_type=\"container\" data-e-type=\"container\">\n\t\t\t\t\t<div class=\"e-con-inner\">\n\t\t\t\t<div class=\"elementor-element elementor-element-705238e elementor-widget elementor-widget-spacer\" data-id=\"705238e\" data-element_type=\"widget\" data-e-type=\"widget\" data-widget_type=\"spacer.default\">\n\t\t\t\t\t\t\t<div class=\"elementor-spacer\">\n\t\t\t<div class=\"elementor-spacer-inner\"><\/div>\n\t\t<\/div>\n\t\t\t\t\t\t<\/div>\n\t\t\t\t\t<\/div>\n\t\t\t\t<\/div>\n\t\t\t\t<\/div>","protected":false},"excerpt":{"rendered":"<p>TERAPIAS EN PAREJA PLAN EXPERIENCIAL PAREJA El plan en pareja est\u00e1 dise\u00f1ado para darles un simbolismo de uni\u00f3n y conexi\u00f3n fuera de la rutina de la relaci\u00f3n. El plan incluye: Hidroexperiencia: 1 hora y 30 minutos. Masaje de 95 minutos: Trabaja todo el cuerpo + jacuzzi privado 25 min. Fresas con chocolate. 1 botella de [&hellip;]<\/p>\n","protected":false},"author":1,"featured_media":0,"parent":6088,"menu_order":0,"comment_status":"closed","ping_status":"closed","template":"","meta":{"footnotes":""},"class_list":["post-6250","page","type-page","status-publish","hentry"],"_links":{"self":[{"href":"https:\/\/kuaspa.com\/en\/wp-json\/wp\/v2\/pages\/6250","targetHints":{"allow":["GET"]}}],"collection":[{"href":"https:\/\/kuaspa.com\/en\/wp-json\/wp\/v2\/pages"}],"about":[{"href":"https:\/\/kuaspa.com\/en\/wp-json\/wp\/v2\/types\/page"}],"author":[{"embeddable":true,"href":"https:\/\/kuaspa.com\/en\/wp-json\/wp\/v2\/users\/1"}],"replies":[{"embeddable":true,"href":"https:\/\/kuaspa.com\/en\/wp-json\/wp\/v2\/comments?post=6250"}],"version-history":[{"count":7,"href":"https:\/\/kuaspa.com\/en\/wp-json\/wp\/v2\/pages\/6250\/revisions"}],"predecessor-version":[{"id":6263,"href":"https:\/\/kuaspa.com\/en\/wp-json\/wp\/v2\/pages\/6250\/revisions\/6263"}],"up":[{"embeddable":true,"href":"https:\/\/kuaspa.com\/en\/wp-json\/wp\/v2\/pages\/6088"}],"wp:attachment":[{"href":"https:\/\/kuaspa.com\/en\/wp-json\/wp\/v2\/media?parent=6250"}],"curies":[{"name":"wp","href":"https:\/\/api.w.org\/{rel}","templated":true}]}}