{"id":6190,"date":"2026-01-23T13:50:30","date_gmt":"2026-01-23T18:50:30","guid":{"rendered":"https:\/\/kuaspa.com\/?page_id=6190"},"modified":"2026-01-23T14:31:07","modified_gmt":"2026-01-23T19:31:07","slug":"agua","status":"publish","type":"page","link":"https:\/\/kuaspa.com\/en\/terapias\/agua\/","title":{"rendered":"Agua Terapias"},"content":{"rendered":"<div data-elementor-type=\"wp-page\" data-elementor-id=\"6190\" class=\"elementor elementor-6190\" data-elementor-post-type=\"page\">\n\t\t\t\t<div class=\"elementor-element elementor-element-69da60e e-flex e-con-boxed e-con e-parent\" data-id=\"69da60e\" data-element_type=\"container\" data-e-type=\"container\" data-settings=\"{&quot;background_background&quot;:&quot;video&quot;,&quot;background_video_link&quot;:&quot;https:\\\/\\\/kuaspa.com\\\/wp-content\\\/uploads\\\/2026\\\/01\\\/mar.mp4&quot;,&quot;background_play_on_mobile&quot;:&quot;yes&quot;}\">\n\t\t\t\t\t<div class=\"e-con-inner\">\n\t\t<div class=\"elementor-background-video-container\">\n\t\t\t\t\t\t\t<video class=\"elementor-background-video-hosted\" role=\"presentation\" autoplay muted playsinline loop><\/video>\n\t\t\t\t\t<\/div>\t\t<div class=\"elementor-element elementor-element-2888767 elementor-widget elementor-widget-heading\" data-id=\"2888767\" data-element_type=\"widget\" data-e-type=\"widget\" data-widget_type=\"heading.default\">\n\t\t\t\t\t<h4 class=\"elementor-heading-title elementor-size-default\">WATER THERAPIES<\/h4>\t\t\t\t<\/div>\n\t\t\t\t\t<\/div>\n\t\t\t\t<\/div>\n\t\t<div class=\"elementor-element elementor-element-7af6bbc e-flex e-con-boxed e-con e-parent\" data-id=\"7af6bbc\" data-element_type=\"container\" data-e-type=\"container\">\n\t\t\t\t\t<div class=\"e-con-inner\">\n\t\t\t\t<div class=\"elementor-element elementor-element-4d4fa34 elementor-widget elementor-widget-spacer\" data-id=\"4d4fa34\" data-element_type=\"widget\" data-e-type=\"widget\" data-widget_type=\"spacer.default\">\n\t\t\t\t\t\t\t<div class=\"elementor-spacer\">\n\t\t\t<div class=\"elementor-spacer-inner\"><\/div>\n\t\t<\/div>\n\t\t\t\t\t\t<\/div>\n\t\t\t\t\t<\/div>\n\t\t\t\t<\/div>\n\t\t<div class=\"elementor-element elementor-element-9ae20e0 e-flex e-con-boxed e-con e-parent\" data-id=\"9ae20e0\" data-element_type=\"container\" data-e-type=\"container\">\n\t\t\t\t\t<div class=\"e-con-inner\">\n\t\t<div class=\"elementor-element elementor-element-e1c2aae e-con-full e-flex e-con e-child\" data-id=\"e1c2aae\" data-element_type=\"container\" data-e-type=\"container\">\n\t\t\t\t<div class=\"elementor-element elementor-element-915d4f0 elementor-widget elementor-widget-image\" data-id=\"915d4f0\" data-element_type=\"widget\" data-e-type=\"widget\" data-widget_type=\"image.default\">\n\t\t\t\t\t\t\t\t\t\t\t\t\t\t\t<img fetchpriority=\"high\" decoding=\"async\" width=\"390\" height=\"260\" src=\"https:\/\/kuaspa.com\/wp-content\/uploads\/2026\/01\/agua-banolodo.jpg\" class=\"attachment-full size-full wp-image-6194\" alt=\"\" srcset=\"https:\/\/kuaspa.com\/wp-content\/uploads\/2026\/01\/agua-banolodo.jpg 390w, https:\/\/kuaspa.com\/wp-content\/uploads\/2026\/01\/agua-banolodo-300x200.jpg 300w, https:\/\/kuaspa.com\/wp-content\/uploads\/2026\/01\/agua-banolodo-18x12.jpg 18w\" sizes=\"(max-width: 390px) 100vw, 390px\" \/>\t\t\t\t\t\t\t\t\t\t\t\t\t\t\t<\/div>\n\t\t\t\t<\/div>\n\t\t<div class=\"elementor-element elementor-element-cf0fc4e e-con-full e-flex e-con e-child\" data-id=\"cf0fc4e\" data-element_type=\"container\" data-e-type=\"container\">\n\t\t\t\t<div class=\"elementor-element elementor-element-af5a057 elementor-widget elementor-widget-heading\" data-id=\"af5a057\" data-element_type=\"widget\" data-e-type=\"widget\" data-widget_type=\"heading.default\">\n\t\t\t\t\t<h4 class=\"elementor-heading-title elementor-size-default\">HOT RED MUD BATH<\/h4>\t\t\t\t<\/div>\n\t\t\t\t<div class=\"elementor-element elementor-element-c583a1d elementor-widget elementor-widget-text-editor\" data-id=\"c583a1d\" data-element_type=\"widget\" data-e-type=\"widget\" data-widget_type=\"text-editor.default\">\n\t\t\t\t\t\t\t\t\t<p>This wet mud bath has remineralizing, purifying, calming, and stimulating effects. This therapy removes dead skin cells, toxins, and metabolic waste. It is specially designed to help us release from our bodies and skin everything we energetically cling to.<\/p>\t\t\t\t\t\t\t\t<\/div>\n\t\t\t\t<div class=\"elementor-element elementor-element-f837098 elementor-widget elementor-widget-price-list\" data-id=\"f837098\" data-element_type=\"widget\" data-e-type=\"widget\" data-widget_type=\"price-list.default\">\n\t\t\t\t\t\n\t\t<ul class=\"elementor-price-list\">\n\n\t\t\t\t\t\t\t\t\t<li><a class=\"elementor-price-list-item\" href=\"#\">\t\t\t\t\n\t\t\t\t<div class=\"elementor-price-list-text\">\n\t\t\t\t\t\t\t\t\t<div class=\"elementor-price-list-header\">\n\t\t\t\t\t\t\t\t\t\t\t<span class=\"elementor-price-list-title\">\n\t\t\t\t\t\t\tLONG THERAPY\t\t\t\t\t\t<\/span>\n\t\t\t\t\t\t\t\t\t\t\t\t\t\t\t\t\t\t<span class=\"elementor-price-list-separator\"><\/span>\n\t\t\t\t\t\t\t\t\t\t\t\t\t\t\t\t\t\t\t<span class=\"elementor-price-list-price\">$380.000 COP<\/span>\n\t\t\t\t\t\t\t\t\t\t<\/div>\n\t\t\t\t\t\t\t\t\t\t\t\t\t\t\t<p class=\"elementor-price-list-description\">\n\t\t\t\t\t\t\tDURATION: 65 MIN\t\t\t\t\t\t<\/p>\n\t\t\t\t\t\t\t\t<\/div>\n\t\t\t\t<\/a><\/li>\t\t\t\t\t\t\t\t\t\t\t\t<li><a class=\"elementor-price-list-item\" href=\"#\">\t\t\t\t\n\t\t\t\t<div class=\"elementor-price-list-text\">\n\t\t\t\t\t\t\t\t\t<div class=\"elementor-price-list-header\">\n\t\t\t\t\t\t\t\t\t\t\t<span class=\"elementor-price-list-title\">\n\t\t\t\t\t\t\tLONG THERAPY + HYDRO-EXPERIENCE\t\t\t\t\t\t<\/span>\n\t\t\t\t\t\t\t\t\t\t\t\t\t\t\t\t\t\t<span class=\"elementor-price-list-separator\"><\/span>\n\t\t\t\t\t\t\t\t\t\t\t\t\t\t\t\t\t\t\t<span class=\"elementor-price-list-price\">$580.000 COP<\/span>\n\t\t\t\t\t\t\t\t\t\t<\/div>\n\t\t\t\t\t\t\t\t\t\t\t\t\t\t\t<p class=\"elementor-price-list-description\">\n\t\t\t\t\t\t\tDURATION: 155 MIN\t\t\t\t\t\t<\/p>\n\t\t\t\t\t\t\t\t<\/div>\n\t\t\t\t<\/a><\/li>\t\t\t\t\t\n\t\t<\/ul>\n\n\t\t\t\t\t\t<\/div>\n\t\t\t\t<div class=\"elementor-element elementor-element-44f2106 elementor-align-left elementor-mobile-align-center elementor-widget elementor-widget-ld_button\" data-id=\"44f2106\" data-element_type=\"widget\" data-e-type=\"widget\" data-widget_type=\"ld_button.default\">\n\t\t\t\t<div class=\"elementor-widget-container\">\n\t\t\t\t\t\n\t\t\t<a\n\t\t\t\thref=\"\/en\/reservas\/\"class=\"elementor-button btn btn-solid btn-hover-txt-liquid-y-alt btn-xsm btn-icon-shaped btn-has-label\"\t\t\t>\n\t\t\t\t\t\t\t\t\t<span data-text=\"RESERVA YA\" class=\"btn-txt\" data-transition-delay=\"true\" data-delay-options=\"{&quot;elements&quot;: &quot;.lqd-chars&quot;, &quot;delayType&quot;: &quot;animation&quot;, &quot;startDelay&quot;: 0, &quot;delayBetween&quot;: 32.5}\" data-split-text=\"true\" data-split-options=\"{&quot;type&quot;: &quot;chars, words&quot;}\">\n\t\t\t\t\t\tBOOK NOW\t\t\t\t\t<\/span>\n\t\t\t\t\t\t\t\t\t\t\t<\/a>\n\t\t\t\t\t\t\t<\/div>\n\t\t\t\t<\/div>\n\t\t\t\t<\/div>\n\t\t\t\t\t<\/div>\n\t\t\t\t<\/div>\n\t\t<div class=\"elementor-element elementor-element-46fce23 e-flex e-con-boxed e-con e-parent\" data-id=\"46fce23\" data-element_type=\"container\" data-e-type=\"container\">\n\t\t\t\t\t<div class=\"e-con-inner\">\n\t\t\t\t<div class=\"elementor-element elementor-element-5a4f2ce elementor-widget-divider--view-line elementor-widget elementor-widget-divider\" data-id=\"5a4f2ce\" data-element_type=\"widget\" data-e-type=\"widget\" data-widget_type=\"divider.default\">\n\t\t\t\t\t\t\t<div class=\"elementor-divider\">\n\t\t\t<span class=\"elementor-divider-separator\">\n\t\t\t\t\t\t<\/span>\n\t\t<\/div>\n\t\t\t\t\t\t<\/div>\n\t\t\t\t\t<\/div>\n\t\t\t\t<\/div>\n\t\t<div class=\"elementor-element elementor-element-3b23669 e-flex e-con-boxed e-con e-parent\" data-id=\"3b23669\" data-element_type=\"container\" data-e-type=\"container\">\n\t\t\t\t\t<div class=\"e-con-inner\">\n\t\t<div class=\"elementor-element elementor-element-82f1ac0 e-con-full e-flex e-con e-child\" data-id=\"82f1ac0\" data-element_type=\"container\" data-e-type=\"container\">\n\t\t\t\t<div class=\"elementor-element elementor-element-69fd513 elementor-widget elementor-widget-image\" data-id=\"69fd513\" data-element_type=\"widget\" data-e-type=\"widget\" data-widget_type=\"image.default\">\n\t\t\t\t\t\t\t\t\t\t\t\t\t\t\t<img decoding=\"async\" width=\"390\" height=\"260\" src=\"data:image\/svg+xml;charset=utf-8,%3Csvg xmlns%3D&#039;http%3A%2F%2Fwww.w3.org%2F2000%2Fsvg&#039; viewBox%3D&#039;0 0 390 260&#039;%2F%3E\" class=\"attachment-full size-full wp-image-6196 ld-lazyload\" alt=\"\" data-src=\"https:\/\/kuaspa.com\/wp-content\/uploads\/2026\/01\/agua-riodealoe.jpg\" data-srcset=\"https:\/\/kuaspa.com\/wp-content\/uploads\/2026\/01\/agua-riodealoe.jpg 390w, https:\/\/kuaspa.com\/wp-content\/uploads\/2026\/01\/agua-riodealoe-300x200.jpg 300w, https:\/\/kuaspa.com\/wp-content\/uploads\/2026\/01\/agua-riodealoe-18x12.jpg 18w\" data-sizes=\"(max-width: 390px) 100vw, 390px\" data-aspect=\"1.5\" \/>\t\t\t\t\t\t\t\t\t\t\t\t\t\t\t<\/div>\n\t\t\t\t<\/div>\n\t\t<div class=\"elementor-element elementor-element-3174292 e-con-full e-flex e-con e-child\" data-id=\"3174292\" data-element_type=\"container\" data-e-type=\"container\">\n\t\t\t\t<div class=\"elementor-element elementor-element-41057d1 elementor-widget elementor-widget-heading\" data-id=\"41057d1\" data-element_type=\"widget\" data-e-type=\"widget\" data-widget_type=\"heading.default\">\n\t\t\t\t\t<h4 class=\"elementor-heading-title elementor-size-default\">RIVER OF ALOE AND RAIN OF ROSES<\/h4>\t\t\t\t<\/div>\n\t\t\t\t<div class=\"elementor-element elementor-element-c274a5a elementor-widget elementor-widget-text-editor\" data-id=\"c274a5a\" data-element_type=\"widget\" data-e-type=\"widget\" data-widget_type=\"text-editor.default\">\n\t\t\t\t\t\t\t\t\t<p>This therapy uses aloe vera gels, which have a strong relaxing and calming component. A combination of deep movements and rhythmic, fluid pressures is used to remove dead cells and regenerate body tissues.<\/p>\t\t\t\t\t\t\t\t<\/div>\n\t\t\t\t<div class=\"elementor-element elementor-element-6ac9533 elementor-widget elementor-widget-price-list\" data-id=\"6ac9533\" data-element_type=\"widget\" data-e-type=\"widget\" data-widget_type=\"price-list.default\">\n\t\t\t\t\t\n\t\t<ul class=\"elementor-price-list\">\n\n\t\t\t\t\t\t\t\t\t<li><a class=\"elementor-price-list-item\" href=\"#\">\t\t\t\t\n\t\t\t\t<div class=\"elementor-price-list-text\">\n\t\t\t\t\t\t\t\t\t<div class=\"elementor-price-list-header\">\n\t\t\t\t\t\t\t\t\t\t\t<span class=\"elementor-price-list-title\">\n\t\t\t\t\t\t\tLONG THERAPY\t\t\t\t\t\t<\/span>\n\t\t\t\t\t\t\t\t\t\t\t\t\t\t\t\t\t\t<span class=\"elementor-price-list-separator\"><\/span>\n\t\t\t\t\t\t\t\t\t\t\t\t\t\t\t\t\t\t\t<span class=\"elementor-price-list-price\">$380.000 COP<\/span>\n\t\t\t\t\t\t\t\t\t\t<\/div>\n\t\t\t\t\t\t\t\t\t\t\t\t\t\t\t<p class=\"elementor-price-list-description\">\n\t\t\t\t\t\t\tDURATION: 65 MIN\t\t\t\t\t\t<\/p>\n\t\t\t\t\t\t\t\t<\/div>\n\t\t\t\t<\/a><\/li>\t\t\t\t\t\t\t\t\t\t\t\t<li><a class=\"elementor-price-list-item\" href=\"#\">\t\t\t\t\n\t\t\t\t<div class=\"elementor-price-list-text\">\n\t\t\t\t\t\t\t\t\t<div class=\"elementor-price-list-header\">\n\t\t\t\t\t\t\t\t\t\t\t<span class=\"elementor-price-list-title\">\n\t\t\t\t\t\t\tLONG THERAPY + HYDRO-EXPERIENCE\t\t\t\t\t\t<\/span>\n\t\t\t\t\t\t\t\t\t\t\t\t\t\t\t\t\t\t<span class=\"elementor-price-list-separator\"><\/span>\n\t\t\t\t\t\t\t\t\t\t\t\t\t\t\t\t\t\t\t<span class=\"elementor-price-list-price\">$580.000 COP<\/span>\n\t\t\t\t\t\t\t\t\t\t<\/div>\n\t\t\t\t\t\t\t\t\t\t\t\t\t\t\t<p class=\"elementor-price-list-description\">\n\t\t\t\t\t\t\tDURATION: 155 MIN\t\t\t\t\t\t<\/p>\n\t\t\t\t\t\t\t\t<\/div>\n\t\t\t\t<\/a><\/li>\t\t\t\t\t\n\t\t<\/ul>\n\n\t\t\t\t\t\t<\/div>\n\t\t\t\t<div class=\"elementor-element elementor-element-a6faefe elementor-align-left elementor-mobile-align-center elementor-widget elementor-widget-ld_button\" data-id=\"a6faefe\" data-element_type=\"widget\" data-e-type=\"widget\" data-widget_type=\"ld_button.default\">\n\t\t\t\t<div class=\"elementor-widget-container\">\n\t\t\t\t\t\n\t\t\t<a\n\t\t\t\thref=\"\/en\/reservas\/\"class=\"elementor-button btn btn-solid btn-hover-txt-liquid-y-alt btn-xsm btn-icon-shaped btn-has-label\"\t\t\t>\n\t\t\t\t\t\t\t\t\t<span data-text=\"RESERVA YA\" class=\"btn-txt\" data-transition-delay=\"true\" data-delay-options=\"{&quot;elements&quot;: &quot;.lqd-chars&quot;, &quot;delayType&quot;: &quot;animation&quot;, &quot;startDelay&quot;: 0, &quot;delayBetween&quot;: 32.5}\" data-split-text=\"true\" data-split-options=\"{&quot;type&quot;: &quot;chars, words&quot;}\">\n\t\t\t\t\t\tBOOK NOW\t\t\t\t\t<\/span>\n\t\t\t\t\t\t\t\t\t\t\t<\/a>\n\t\t\t\t\t\t\t<\/div>\n\t\t\t\t<\/div>\n\t\t\t\t<\/div>\n\t\t\t\t\t<\/div>\n\t\t\t\t<\/div>\n\t\t<div class=\"elementor-element elementor-element-a0a3a30 e-flex e-con-boxed e-con e-parent\" data-id=\"a0a3a30\" data-element_type=\"container\" data-e-type=\"container\">\n\t\t\t\t\t<div class=\"e-con-inner\">\n\t\t\t\t<div class=\"elementor-element elementor-element-bf6081a elementor-widget-divider--view-line elementor-widget elementor-widget-divider\" data-id=\"bf6081a\" data-element_type=\"widget\" data-e-type=\"widget\" data-widget_type=\"divider.default\">\n\t\t\t\t\t\t\t<div class=\"elementor-divider\">\n\t\t\t<span class=\"elementor-divider-separator\">\n\t\t\t\t\t\t<\/span>\n\t\t<\/div>\n\t\t\t\t\t\t<\/div>\n\t\t\t\t\t<\/div>\n\t\t\t\t<\/div>\n\t\t<div class=\"elementor-element elementor-element-e3655d2 e-flex e-con-boxed e-con e-parent\" data-id=\"e3655d2\" data-element_type=\"container\" data-e-type=\"container\">\n\t\t\t\t\t<div class=\"e-con-inner\">\n\t\t<div class=\"elementor-element elementor-element-be3dd48 e-con-full e-flex e-con e-child\" data-id=\"be3dd48\" data-element_type=\"container\" data-e-type=\"container\">\n\t\t\t\t<div class=\"elementor-element elementor-element-4a33e52 elementor-widget elementor-widget-image\" data-id=\"4a33e52\" data-element_type=\"widget\" data-e-type=\"widget\" data-widget_type=\"image.default\">\n\t\t\t\t\t\t\t\t\t\t\t\t\t\t\t<img decoding=\"async\" width=\"389\" height=\"259\" src=\"data:image\/svg+xml;charset=utf-8,%3Csvg xmlns%3D&#039;http%3A%2F%2Fwww.w3.org%2F2000%2Fsvg&#039; viewBox%3D&#039;0 0 389 259&#039;%2F%3E\" class=\"attachment-full size-full wp-image-6195 ld-lazyload\" alt=\"\" data-src=\"https:\/\/kuaspa.com\/wp-content\/uploads\/2026\/01\/agua-facilasales.jpg\" data-srcset=\"https:\/\/kuaspa.com\/wp-content\/uploads\/2026\/01\/agua-facilasales.jpg 389w, https:\/\/kuaspa.com\/wp-content\/uploads\/2026\/01\/agua-facilasales-300x200.jpg 300w, https:\/\/kuaspa.com\/wp-content\/uploads\/2026\/01\/agua-facilasales-18x12.jpg 18w\" data-sizes=\"(max-width: 389px) 100vw, 389px\" data-aspect=\"1.5019305019305\" \/>\t\t\t\t\t\t\t\t\t\t\t\t\t\t\t<\/div>\n\t\t\t\t<\/div>\n\t\t<div class=\"elementor-element elementor-element-4395117 e-con-full e-flex e-con e-child\" data-id=\"4395117\" data-element_type=\"container\" data-e-type=\"container\">\n\t\t\t\t<div class=\"elementor-element elementor-element-625c773 elementor-widget elementor-widget-heading\" data-id=\"625c773\" data-element_type=\"widget\" data-e-type=\"widget\" data-widget_type=\"heading.default\">\n\t\t\t\t\t<h4 class=\"elementor-heading-title elementor-size-default\">REVIGORATING SALT FACIAL<br> AND MOIST CLAYS<\/h4>\t\t\t\t<\/div>\n\t\t\t\t<div class=\"elementor-element elementor-element-7e7712b elementor-widget elementor-widget-text-editor\" data-id=\"7e7712b\" data-element_type=\"widget\" data-e-type=\"widget\" data-widget_type=\"text-editor.default\">\n\t\t\t\t\t\t\t\t\t<p>This therapy includes an invigorating exfoliation with sea salt crystals and essential oils that detoxify and deeply cleanse the skin. It continues with a facial massage using indigenous ceramic tools and a deeply hydrating serum, and concludes with a nourishing mud mask that seals in moisture and softens the skin.<\/p>\t\t\t\t\t\t\t\t<\/div>\n\t\t\t\t<div class=\"elementor-element elementor-element-7f5bfb3 elementor-widget elementor-widget-price-list\" data-id=\"7f5bfb3\" data-element_type=\"widget\" data-e-type=\"widget\" data-widget_type=\"price-list.default\">\n\t\t\t\t\t\n\t\t<ul class=\"elementor-price-list\">\n\n\t\t\t\t\t\t\t\t\t<li><a class=\"elementor-price-list-item\" href=\"#\">\t\t\t\t\n\t\t\t\t<div class=\"elementor-price-list-text\">\n\t\t\t\t\t\t\t\t\t<div class=\"elementor-price-list-header\">\n\t\t\t\t\t\t\t\t\t\t\t<span class=\"elementor-price-list-title\">\n\t\t\t\t\t\t\tSHORT THERAPY\t\t\t\t\t\t<\/span>\n\t\t\t\t\t\t\t\t\t\t\t\t\t\t\t\t\t\t<span class=\"elementor-price-list-separator\"><\/span>\n\t\t\t\t\t\t\t\t\t\t\t\t\t\t\t\t\t\t\t<span class=\"elementor-price-list-price\">$325.000 COP<\/span>\n\t\t\t\t\t\t\t\t\t\t<\/div>\n\t\t\t\t\t\t\t\t\t\t\t\t\t\t\t<p class=\"elementor-price-list-description\">\n\t\t\t\t\t\t\tDURATION: 45 MIN\t\t\t\t\t\t<\/p>\n\t\t\t\t\t\t\t\t<\/div>\n\t\t\t\t<\/a><\/li>\t\t\t\t\t\t\t\t\t\t\t\t<li><a class=\"elementor-price-list-item\" href=\"#\">\t\t\t\t\n\t\t\t\t<div class=\"elementor-price-list-text\">\n\t\t\t\t\t\t\t\t\t<div class=\"elementor-price-list-header\">\n\t\t\t\t\t\t\t\t\t\t\t<span class=\"elementor-price-list-title\">\n\t\t\t\t\t\t\tSHORT THERAPY + HYDROEXPERIENCE\t\t\t\t\t\t<\/span>\n\t\t\t\t\t\t\t\t\t\t\t\t\t\t\t\t\t\t<span class=\"elementor-price-list-separator\"><\/span>\n\t\t\t\t\t\t\t\t\t\t\t\t\t\t\t\t\t\t\t<span class=\"elementor-price-list-price\">$520.000 COP<\/span>\n\t\t\t\t\t\t\t\t\t\t<\/div>\n\t\t\t\t\t\t\t\t\t\t\t\t\t\t\t<p class=\"elementor-price-list-description\">\n\t\t\t\t\t\t\tDURATION: 135 MIN\t\t\t\t\t\t<\/p>\n\t\t\t\t\t\t\t\t<\/div>\n\t\t\t\t<\/a><\/li>\t\t\t\t\t\t\t\t\t\t\t\t<li><a class=\"elementor-price-list-item\" href=\"#\">\t\t\t\t\n\t\t\t\t<div class=\"elementor-price-list-text\">\n\t\t\t\t\t\t\t\t\t<div class=\"elementor-price-list-header\">\n\t\t\t\t\t\t\t\t\t\t\t<span class=\"elementor-price-list-title\">\n\t\t\t\t\t\t\tLONG THERAPY\t\t\t\t\t\t<\/span>\n\t\t\t\t\t\t\t\t\t\t\t\t\t\t\t\t\t\t<span class=\"elementor-price-list-separator\"><\/span>\n\t\t\t\t\t\t\t\t\t\t\t\t\t\t\t\t\t\t\t<span class=\"elementor-price-list-price\">$380.000 COP<\/span>\n\t\t\t\t\t\t\t\t\t\t<\/div>\n\t\t\t\t\t\t\t\t\t\t\t\t\t\t\t<p class=\"elementor-price-list-description\">\n\t\t\t\t\t\t\tDURATION: 65 MIN\t\t\t\t\t\t<\/p>\n\t\t\t\t\t\t\t\t<\/div>\n\t\t\t\t<\/a><\/li>\t\t\t\t\t\t\t\t\t\t\t\t<li><a class=\"elementor-price-list-item\" href=\"#\">\t\t\t\t\n\t\t\t\t<div class=\"elementor-price-list-text\">\n\t\t\t\t\t\t\t\t\t<div class=\"elementor-price-list-header\">\n\t\t\t\t\t\t\t\t\t\t\t<span class=\"elementor-price-list-title\">\n\t\t\t\t\t\t\tLONG THERAPY + HYDRO-EXPERIENCE\t\t\t\t\t\t<\/span>\n\t\t\t\t\t\t\t\t\t\t\t\t\t\t\t\t\t\t<span class=\"elementor-price-list-separator\"><\/span>\n\t\t\t\t\t\t\t\t\t\t\t\t\t\t\t\t\t\t\t<span class=\"elementor-price-list-price\">$580.000 COP<\/span>\n\t\t\t\t\t\t\t\t\t\t<\/div>\n\t\t\t\t\t\t\t\t\t\t\t\t\t\t\t<p class=\"elementor-price-list-description\">\n\t\t\t\t\t\t\tDURATION: 155 MIN\t\t\t\t\t\t<\/p>\n\t\t\t\t\t\t\t\t<\/div>\n\t\t\t\t<\/a><\/li>\t\t\t\t\t\n\t\t<\/ul>\n\n\t\t\t\t\t\t<\/div>\n\t\t\t\t<div class=\"elementor-element elementor-element-4f2f396 elementor-align-left elementor-mobile-align-center elementor-widget elementor-widget-ld_button\" data-id=\"4f2f396\" data-element_type=\"widget\" data-e-type=\"widget\" data-widget_type=\"ld_button.default\">\n\t\t\t\t<div class=\"elementor-widget-container\">\n\t\t\t\t\t\n\t\t\t<a\n\t\t\t\thref=\"\/en\/reservas\/\"class=\"elementor-button btn btn-solid btn-hover-txt-liquid-y-alt btn-xsm btn-icon-shaped btn-has-label\"\t\t\t>\n\t\t\t\t\t\t\t\t\t<span data-text=\"RESERVA YA\" class=\"btn-txt\" data-transition-delay=\"true\" data-delay-options=\"{&quot;elements&quot;: &quot;.lqd-chars&quot;, &quot;delayType&quot;: &quot;animation&quot;, &quot;startDelay&quot;: 0, &quot;delayBetween&quot;: 32.5}\" data-split-text=\"true\" data-split-options=\"{&quot;type&quot;: &quot;chars, words&quot;}\">\n\t\t\t\t\t\tBOOK NOW\t\t\t\t\t<\/span>\n\t\t\t\t\t\t\t\t\t\t\t<\/a>\n\t\t\t\t\t\t\t<\/div>\n\t\t\t\t<\/div>\n\t\t\t\t<\/div>\n\t\t\t\t\t<\/div>\n\t\t\t\t<\/div>\n\t\t<div class=\"elementor-element elementor-element-3c8c719 e-flex e-con-boxed e-con e-parent\" data-id=\"3c8c719\" data-element_type=\"container\" data-e-type=\"container\">\n\t\t\t\t\t<div class=\"e-con-inner\">\n\t\t\t\t<div class=\"elementor-element elementor-element-55ffce4 elementor-widget elementor-widget-heading\" data-id=\"55ffce4\" data-element_type=\"widget\" data-e-type=\"widget\" data-widget_type=\"heading.default\">\n\t\t\t\t\t<p class=\"elementor-heading-title elementor-size-default\">*If you do not wish to participate in the hydro-experience, please notify us when making your reservation.<\/p>\t\t\t\t<\/div>\n\t\t\t\t\t<\/div>\n\t\t\t\t<\/div>\n\t\t<div class=\"elementor-element elementor-element-5c3038d e-flex e-con-boxed e-con e-parent\" data-id=\"5c3038d\" data-element_type=\"container\" data-e-type=\"container\">\n\t\t\t\t\t<div class=\"e-con-inner\">\n\t\t\t\t<div class=\"elementor-element elementor-element-705238e elementor-widget elementor-widget-spacer\" data-id=\"705238e\" data-element_type=\"widget\" data-e-type=\"widget\" data-widget_type=\"spacer.default\">\n\t\t\t\t\t\t\t<div class=\"elementor-spacer\">\n\t\t\t<div class=\"elementor-spacer-inner\"><\/div>\n\t\t<\/div>\n\t\t\t\t\t\t<\/div>\n\t\t\t\t\t<\/div>\n\t\t\t\t<\/div>\n\t\t\t\t<\/div>","protected":false},"excerpt":{"rendered":"<p>TERAPIAS DE AGUA BA\u00d1O DE LODO ROJO CALIENTE Este ba\u00f1o de lodos h\u00famedos tiene efectos remineralizantes, purificantes, calmantes y estimulantes. Esta terapia elimina las c\u00e9lulas muertas, toxinas y desechos metab\u00f3licos de la piel. Dise\u00f1ada especialmente para ayudarnos a desprender del cuerpo y la piel, todo aquello a lo que en\u00e9rgicamente nos aferramos. TERAPIA LARGA $380.000 [&hellip;]<\/p>\n","protected":false},"author":1,"featured_media":0,"parent":6088,"menu_order":0,"comment_status":"closed","ping_status":"closed","template":"","meta":{"footnotes":""},"class_list":["post-6190","page","type-page","status-publish","hentry"],"_links":{"self":[{"href":"https:\/\/kuaspa.com\/en\/wp-json\/wp\/v2\/pages\/6190","targetHints":{"allow":["GET"]}}],"collection":[{"href":"https:\/\/kuaspa.com\/en\/wp-json\/wp\/v2\/pages"}],"about":[{"href":"https:\/\/kuaspa.com\/en\/wp-json\/wp\/v2\/types\/page"}],"author":[{"embeddable":true,"href":"https:\/\/kuaspa.com\/en\/wp-json\/wp\/v2\/users\/1"}],"replies":[{"embeddable":true,"href":"https:\/\/kuaspa.com\/en\/wp-json\/wp\/v2\/comments?post=6190"}],"version-history":[{"count":10,"href":"https:\/\/kuaspa.com\/en\/wp-json\/wp\/v2\/pages\/6190\/revisions"}],"predecessor-version":[{"id":6222,"href":"https:\/\/kuaspa.com\/en\/wp-json\/wp\/v2\/pages\/6190\/revisions\/6222"}],"up":[{"embeddable":true,"href":"https:\/\/kuaspa.com\/en\/wp-json\/wp\/v2\/pages\/6088"}],"wp:attachment":[{"href":"https:\/\/kuaspa.com\/en\/wp-json\/wp\/v2\/media?parent=6190"}],"curies":[{"name":"wp","href":"https:\/\/api.w.org\/{rel}","templated":true}]}}