{"id":6044,"date":"2026-01-22T14:30:18","date_gmt":"2026-01-22T19:30:18","guid":{"rendered":"https:\/\/kuaspa.com\/?page_id=6044"},"modified":"2026-03-30T09:40:21","modified_gmt":"2026-03-30T14:40:21","slug":"reservas","status":"publish","type":"page","link":"https:\/\/kuaspa.com\/en\/reservas\/","title":{"rendered":"BOOK NOW"},"content":{"rendered":"<div data-elementor-type=\"wp-page\" data-elementor-id=\"6044\" class=\"elementor elementor-6044\" data-elementor-post-type=\"page\">\n\t\t\t\t<div class=\"elementor-element elementor-element-69da60e e-flex e-con-boxed e-con e-parent\" data-id=\"69da60e\" data-element_type=\"container\" data-e-type=\"container\" data-settings=\"{&quot;background_background&quot;:&quot;classic&quot;}\">\n\t\t\t\t\t<div class=\"e-con-inner\">\n\t\t\t\t<div class=\"elementor-element elementor-element-2888767 elementor-widget elementor-widget-heading\" data-id=\"2888767\" data-element_type=\"widget\" data-e-type=\"widget\" data-widget_type=\"heading.default\">\n\t\t\t\t\t<h2 class=\"elementor-heading-title elementor-size-default\">RESERVAS <\/h2>\t\t\t\t<\/div>\n\t\t\t\t\t<\/div>\n\t\t\t\t<\/div>\n\t\t<div class=\"elementor-element elementor-element-0ad2c1a e-flex e-con-boxed e-con e-parent\" data-id=\"0ad2c1a\" data-element_type=\"container\" data-e-type=\"container\">\n\t\t\t\t\t<div class=\"e-con-inner\">\n\t\t\t\t<div class=\"elementor-element elementor-element-dc48a46 elementor-widget elementor-widget-text-editor\" data-id=\"dc48a46\" data-element_type=\"widget\" data-e-type=\"widget\" data-widget_type=\"text-editor.default\">\n\t\t\t\t\t\t\t\t\t<p>Realiza tus <strong data-start=\"194\" data-end=\"217\">reservas en K\u00faa Spa<\/strong> y reg\u00e1late el descanso que mereces. Agenda f\u00e1cilmente tus masajes y tratamientos exclusivos en pocos pasos con nuestra reserva online. Vive una experiencia \u00fanica de relajaci\u00f3n y bienestar.<\/p><p>\u00a1Haz tu reserva ahora y comienza a desconectarte!<\/p>\t\t\t\t\t\t\t\t<\/div>\n\t\t\t\t\t<\/div>\n\t\t\t\t<\/div>\n\t\t<div class=\"elementor-element elementor-element-dbc018c e-flex e-con-boxed e-con e-parent\" data-id=\"dbc018c\" data-element_type=\"container\" data-e-type=\"container\">\n\t\t\t\t\t<div class=\"e-con-inner\">\n\t\t<div class=\"elementor-element elementor-element-af946d5 e-con-full e-flex e-con e-child\" data-id=\"af946d5\" data-element_type=\"container\" data-e-type=\"container\">\n\t\t\t\t<div class=\"elementor-element elementor-element-38829a3 elementor-widget elementor-widget-html\" data-id=\"38829a3\" data-element_type=\"widget\" data-e-type=\"widget\" data-widget_type=\"html.default\">\n\t\t\t\t\t<iframe width=\"640px\" height= \"1900px\" src= \"https:\/\/forms.office.com\/Pages\/ResponsePage.aspx?id=MYb-1U5VZ0WjNWIJWyRxJrbXtDiLdshPoTmivMK-vzVUQUFJQjJDQlc4WlRMOTFSQ0JVTlE4RVQ3OS4u&embed=true\" frameborder= \"0\" marginwidth= \"0\" marginheight= \"0\" style= \"border: none; max-width:100%; max-height:200vh\" allowfullscreen webkitallowfullscreen mozallowfullscreen msallowfullscreen> <\/iframe>\t\t\t\t<\/div>\n\t\t\t\t<\/div>\n\t\t<div class=\"elementor-element elementor-element-f61eed0 e-con-full e-flex e-con e-child\" data-id=\"f61eed0\" data-element_type=\"container\" data-e-type=\"container\">\n\t\t\t\t<div class=\"elementor-element elementor-element-16a12b3 elementor-widget elementor-widget-hub_fancy_heading\" data-id=\"16a12b3\" data-element_type=\"widget\" data-e-type=\"widget\" data-widget_type=\"hub_fancy_heading.default\">\n\t\t\t\t<div class=\"elementor-widget-container\">\n\t\t\t\t\t\n\t\t<div id=\"ld-fancy-heading-69df4855ad727\" class=\"ld-fancy-heading pos-rel\">\n\t\t\t<p class=\"ld-fh-element d-inline-block pos-rel  lqd-highlight-classic lqd-highlight-grow-left p\"  > Jos\u00e9 Mar\u00eda C\u00f3rdoba International Airport Roundabout.<br>Rionegro, Antioquia.<br><br> <a href=\"https:\/\/maps.app.goo.gl\/ckwVeSEwif5QVrUs9\" target=\"_blank\" rel=\"noopener\"><u>View on Google Maps<\/u><\/a><\/p>\t\t<\/div>\n\n\t\t\t\t\t\t<\/div>\n\t\t\t\t<\/div>\n\t\t\t\t<div class=\"elementor-element elementor-element-f8756b7 elementor-widget elementor-widget-spacer\" data-id=\"f8756b7\" data-element_type=\"widget\" data-e-type=\"widget\" data-widget_type=\"spacer.default\">\n\t\t\t\t\t\t\t<div class=\"elementor-spacer\">\n\t\t\t<div class=\"elementor-spacer-inner\"><\/div>\n\t\t<\/div>\n\t\t\t\t\t\t<\/div>\n\t\t\t\t<div class=\"elementor-element elementor-element-24c8669 elementor-widget elementor-widget-hub_fancy_heading\" data-id=\"24c8669\" data-element_type=\"widget\" data-e-type=\"widget\" data-widget_type=\"hub_fancy_heading.default\">\n\t\t\t\t<div class=\"elementor-widget-container\">\n\t\t\t\t\t\n\t\t<div id=\"ld-fancy-heading-69df4855ae515\" class=\"ld-fancy-heading pos-rel\">\n\t\t\t<p class=\"ld-fh-element d-inline-block pos-rel  lqd-highlight-classic lqd-highlight-grow-left p\"  > <a href=\"tel:3123474241\"><u>+57 312 347 4241<\/u><\/a> <br> <a href=\"tel:6045146960\"><u>+57 604 514 6960 ext. 189<\/u><\/a> <\/p>\t\t<\/div>\n\n\t\t\t\t\t\t<\/div>\n\t\t\t\t<\/div>\n\t\t\t\t<div class=\"elementor-element elementor-element-b9794c5 elementor-widget elementor-widget-spacer\" data-id=\"b9794c5\" data-element_type=\"widget\" data-e-type=\"widget\" data-widget_type=\"spacer.default\">\n\t\t\t\t\t\t\t<div class=\"elementor-spacer\">\n\t\t\t<div class=\"elementor-spacer-inner\"><\/div>\n\t\t<\/div>\n\t\t\t\t\t\t<\/div>\n\t\t\t\t<div class=\"elementor-element elementor-element-6b372cd elementor-widget elementor-widget-hub_fancy_heading\" data-id=\"6b372cd\" data-element_type=\"widget\" data-e-type=\"widget\" data-widget_type=\"hub_fancy_heading.default\">\n\t\t\t\t<div class=\"elementor-widget-container\">\n\t\t\t\t\t\n\t\t<div id=\"ld-fancy-heading-69df4855af27c\" class=\"ld-fancy-heading pos-rel\">\n\t\t\t<p class=\"ld-fh-element d-inline-block pos-rel  lqd-highlight-classic lqd-highlight-grow-left p\"  > <a href=\"mailto:reservas@kuaspa.com\"><u>reservas@kuaspa.com<\/u><\/a><\/p>\t\t<\/div>\n\n\t\t\t\t\t\t<\/div>\n\t\t\t\t<\/div>\n\t\t\t\t<div class=\"elementor-element elementor-element-b3fac6d elementor-widget elementor-widget-spacer\" data-id=\"b3fac6d\" data-element_type=\"widget\" data-e-type=\"widget\" data-widget_type=\"spacer.default\">\n\t\t\t\t\t\t\t<div class=\"elementor-spacer\">\n\t\t\t<div class=\"elementor-spacer-inner\"><\/div>\n\t\t<\/div>\n\t\t\t\t\t\t<\/div>\n\t\t\t\t<div class=\"elementor-element elementor-element-d5842f0 elementor-widget elementor-widget-hub_fancy_heading\" data-id=\"d5842f0\" data-element_type=\"widget\" data-e-type=\"widget\" data-widget_type=\"hub_fancy_heading.default\">\n\t\t\t\t<div class=\"elementor-widget-container\">\n\t\t\t\t\t\n\t\t<div id=\"ld-fancy-heading-69df4855aff5e\" class=\"ld-fancy-heading pos-rel\">\n\t\t\t<p class=\"ld-fh-element d-inline-block pos-rel  lqd-highlight-classic lqd-highlight-grow-left p\"  > Hours:<br><br>\nMonday to Wednesday:<br>\n10:30 am - 7:00 pm<br><br><br>\nThursday:<br>8:30 am - 7:00 pm<br><br><br>\nFriday:<br>8:30 am - 9:00 pm<br><br><br>\nSaturday, Sunday<br>&amp; Holidays:<br>8:30\u00a0am\u00a0a\u00a09:00\u00a0pm<\/p>\t\t<\/div>\n\n\t\t\t\t\t\t<\/div>\n\t\t\t\t<\/div>\n\t\t\t\t<\/div>\n\t\t\t\t\t<\/div>\n\t\t\t\t<\/div>\n\t\t<div class=\"elementor-element elementor-element-7059581 e-con-full e-flex e-con e-parent\" data-id=\"7059581\" data-element_type=\"container\" data-e-type=\"container\">\n\t\t\t\t<div class=\"elementor-element elementor-element-57f8f88 elementor-widget elementor-widget-ld_google_map\" data-id=\"57f8f88\" data-element_type=\"widget\" data-e-type=\"widget\" data-widget_type=\"ld_google_map.default\">\n\t\t\t\t<div class=\"elementor-widget-container\">\n\t\t\t\t\t\n\t\t\t<div class=\"ld-gmap-container pos-rel\">\n\t\t\t\t<div class=\"ld-gmap h-100\" data-plugin-map=\"true\" data-plugin-options='{\"style\":\"blueEssence\",\"address\":\"Movich Las Lomas, Glorieta Aeropuerto Jos\\u00e9 Mar\\u00eda C\\u00f3rdova, Rionegro, Antioquia\",\"marker_style\":\"default\",\"markers\":null,\"map\":{\"zoom\":16,\"mapTypeId\":\"roadmap\",\"zoomControl\":true}}'><\/div>\n\n\t\t\t\t\n\t\t\t<\/div>\n\n\t\t\t\t\t\t<\/div>\n\t\t\t\t<\/div>\n\t\t\t\t<\/div>\n\t\t\t\t<\/div>","protected":false},"excerpt":{"rendered":"<p>RESERVAS Realiza tus reservas en K\u00faa Spa y reg\u00e1late el descanso que mereces. Agenda f\u00e1cilmente tus masajes y tratamientos exclusivos en pocos pasos con nuestra reserva online. Vive una experiencia \u00fanica de relajaci\u00f3n y bienestar. \u00a1Haz tu reserva ahora y comienza a desconectarte! Glorieta del Aeropuerto Internacional Jos\u00e9 Mar\u00eda C\u00f3rdoba.Rionegro, Antioquia. Ver en Google Maps [&hellip;]<\/p>\n","protected":false},"author":1,"featured_media":5987,"parent":0,"menu_order":0,"comment_status":"closed","ping_status":"closed","template":"","meta":{"footnotes":""},"class_list":["post-6044","page","type-page","status-publish","has-post-thumbnail","hentry"],"_links":{"self":[{"href":"https:\/\/kuaspa.com\/en\/wp-json\/wp\/v2\/pages\/6044","targetHints":{"allow":["GET"]}}],"collection":[{"href":"https:\/\/kuaspa.com\/en\/wp-json\/wp\/v2\/pages"}],"about":[{"href":"https:\/\/kuaspa.com\/en\/wp-json\/wp\/v2\/types\/page"}],"author":[{"embeddable":true,"href":"https:\/\/kuaspa.com\/en\/wp-json\/wp\/v2\/users\/1"}],"replies":[{"embeddable":true,"href":"https:\/\/kuaspa.com\/en\/wp-json\/wp\/v2\/comments?post=6044"}],"version-history":[{"count":23,"href":"https:\/\/kuaspa.com\/en\/wp-json\/wp\/v2\/pages\/6044\/revisions"}],"predecessor-version":[{"id":6311,"href":"https:\/\/kuaspa.com\/en\/wp-json\/wp\/v2\/pages\/6044\/revisions\/6311"}],"wp:featuredmedia":[{"embeddable":true,"href":"https:\/\/kuaspa.com\/en\/wp-json\/wp\/v2\/media\/5987"}],"wp:attachment":[{"href":"https:\/\/kuaspa.com\/en\/wp-json\/wp\/v2\/media?parent=6044"}],"curies":[{"name":"wp","href":"https:\/\/api.w.org\/{rel}","templated":true}]}}