{"id":6034,"date":"2026-01-22T14:14:28","date_gmt":"2026-01-22T19:14:28","guid":{"rendered":"https:\/\/kuaspa.com\/?page_id=6034"},"modified":"2026-03-30T09:45:17","modified_gmt":"2026-03-30T14:45:17","slug":"nosotros","status":"publish","type":"page","link":"https:\/\/kuaspa.com\/en\/nosotros\/","title":{"rendered":"ABOUT US"},"content":{"rendered":"<div data-elementor-type=\"wp-page\" data-elementor-id=\"6034\" class=\"elementor elementor-6034\" data-elementor-post-type=\"page\">\n\t\t\t\t<div class=\"elementor-element elementor-element-69da60e e-flex e-con-boxed e-con e-parent\" data-id=\"69da60e\" data-element_type=\"container\" data-e-type=\"container\" data-settings=\"{&quot;background_background&quot;:&quot;classic&quot;}\">\n\t\t\t\t\t<div class=\"e-con-inner\">\n\t\t\t\t<div class=\"elementor-element elementor-element-2888767 elementor-widget elementor-widget-heading\" data-id=\"2888767\" data-element_type=\"widget\" data-e-type=\"widget\" data-widget_type=\"heading.default\">\n\t\t\t\t\t<h4 class=\"elementor-heading-title elementor-size-default\">ABOUT US<\/h4>\t\t\t\t<\/div>\n\t\t\t\t\t<\/div>\n\t\t\t\t<\/div>\n\t\t<div class=\"elementor-element elementor-element-dbc018c e-flex e-con-boxed e-con e-parent\" data-id=\"dbc018c\" data-element_type=\"container\" data-e-type=\"container\">\n\t\t\t\t\t<div class=\"e-con-inner\">\n\t\t<div class=\"elementor-element elementor-element-af946d5 e-con-full e-flex e-con e-child\" data-id=\"af946d5\" data-element_type=\"container\" data-e-type=\"container\">\n\t\t\t\t<div class=\"elementor-element elementor-element-e6c4e05 elementor-widget elementor-widget-image\" data-id=\"e6c4e05\" data-element_type=\"widget\" data-e-type=\"widget\" data-widget_type=\"image.default\">\n\t\t\t\t\t\t\t\t\t\t\t\t\t\t\t<img fetchpriority=\"high\" decoding=\"async\" width=\"780\" height=\"519\" src=\"https:\/\/kuaspa.com\/wp-content\/uploads\/2026\/01\/nosotros02.webp\" class=\"attachment-large size-large wp-image-6038\" alt=\"Nosotros\" srcset=\"https:\/\/kuaspa.com\/wp-content\/uploads\/2026\/01\/nosotros02.webp 1024w, https:\/\/kuaspa.com\/wp-content\/uploads\/2026\/01\/nosotros02-300x200.webp 300w, https:\/\/kuaspa.com\/wp-content\/uploads\/2026\/01\/nosotros02-18x12.webp 18w, https:\/\/kuaspa.com\/wp-content\/uploads\/2026\/01\/nosotros02-720x480.webp 720w\" sizes=\"(max-width: 780px) 100vw, 780px\" \/>\t\t\t\t\t\t\t\t\t\t\t\t\t\t\t<\/div>\n\t\t\t\t<\/div>\n\t\t<div class=\"elementor-element elementor-element-f61eed0 e-con-full e-flex e-con e-child\" data-id=\"f61eed0\" data-element_type=\"container\" data-e-type=\"container\">\n\t\t\t\t<div class=\"elementor-element elementor-element-7825ce9 elementor-widget elementor-widget-heading\" data-id=\"7825ce9\" data-element_type=\"widget\" data-e-type=\"widget\" data-widget_type=\"heading.default\">\n\t\t\t\t\t<p class=\"elementor-heading-title elementor-size-default\">K\u00faa Spa is an intimate space, designed to deliver wellness experiences and an optimal balance between the physical, mental and spiritual.<\/p>\t\t\t\t<\/div>\n\t\t\t\t<div class=\"elementor-element elementor-element-938188e elementor-widget elementor-widget-heading\" data-id=\"938188e\" data-element_type=\"widget\" data-e-type=\"widget\" data-widget_type=\"heading.default\">\n\t\t\t\t\t<p class=\"elementor-heading-title elementor-size-default\">K\u00faa goes beyond the traditional spa. We offer wellness experiences inspired by the four elements of nature, in which you will experience three steps: detoxification, relaxation, and revitalization.<\/p>\t\t\t\t<\/div>\n\t\t\t\t<\/div>\n\t\t\t\t\t<\/div>\n\t\t\t\t<\/div>\n\t\t<div class=\"elementor-element elementor-element-f850e20 e-flex e-con-boxed e-con e-parent\" data-id=\"f850e20\" data-element_type=\"container\" data-e-type=\"container\">\n\t\t\t\t\t<div class=\"e-con-inner\">\n\t\t<div class=\"elementor-element elementor-element-127bed6 e-con-full e-flex e-con e-child\" data-id=\"127bed6\" data-element_type=\"container\" data-e-type=\"container\">\n\t\t\t\t<div class=\"elementor-element elementor-element-8ecd50c elementor-widget elementor-widget-heading\" data-id=\"8ecd50c\" data-element_type=\"widget\" data-e-type=\"widget\" data-widget_type=\"heading.default\">\n\t\t\t\t\t<p class=\"elementor-heading-title elementor-size-default\">There is a growing interest in health and wellness issues beyond aesthetics, an awareness of healthy lifestyles, and the reduction of stress levels and emotional burden.<\/p>\t\t\t\t<\/div>\n\t\t\t\t<div class=\"elementor-element elementor-element-4d741fa elementor-widget elementor-widget-heading\" data-id=\"4d741fa\" data-element_type=\"widget\" data-e-type=\"widget\" data-widget_type=\"heading.default\">\n\t\t\t\t\t<p class=\"elementor-heading-title elementor-size-default\">K\u00faa Spa's offerings focus on wellness experiences. Whether you have a physical condition or are carrying an emotional burden, our portfolio of treatments can be tailored to your needs to help you achieve a state of well-being. We want to deliver an experience that promotes well-being and health.\n\n<\/p>\t\t\t\t<\/div>\n\t\t\t\t<\/div>\n\t\t<div class=\"elementor-element elementor-element-5a8606f e-con-full e-flex e-con e-child\" data-id=\"5a8606f\" data-element_type=\"container\" data-e-type=\"container\">\n\t\t\t\t<div class=\"elementor-element elementor-element-ffcd78b elementor-widget elementor-widget-image\" data-id=\"ffcd78b\" data-element_type=\"widget\" data-e-type=\"widget\" data-widget_type=\"image.default\">\n\t\t\t\t\t\t\t\t\t\t\t\t\t\t\t<img decoding=\"async\" width=\"780\" height=\"519\" src=\"data:image\/svg+xml;charset=utf-8,%3Csvg xmlns%3D&#039;http%3A%2F%2Fwww.w3.org%2F2000%2Fsvg&#039; viewBox%3D&#039;0 0 1024 682&#039;%2F%3E\" class=\"attachment-large size-large wp-image-6039 ld-lazyload\" alt=\"\" data-src=\"https:\/\/kuaspa.com\/wp-content\/uploads\/2026\/01\/nosotros01.webp\" data-srcset=\"https:\/\/kuaspa.com\/wp-content\/uploads\/2026\/01\/nosotros01.webp 1024w, https:\/\/kuaspa.com\/wp-content\/uploads\/2026\/01\/nosotros01-300x200.webp 300w, https:\/\/kuaspa.com\/wp-content\/uploads\/2026\/01\/nosotros01-18x12.webp 18w, https:\/\/kuaspa.com\/wp-content\/uploads\/2026\/01\/nosotros01-720x480.webp 720w\" data-sizes=\"(max-width: 780px) 100vw, 780px\" data-aspect=\"1.5014662756598\" \/>\t\t\t\t\t\t\t\t\t\t\t\t\t\t\t<\/div>\n\t\t\t\t<\/div>\n\t\t\t\t\t<\/div>\n\t\t\t\t<\/div>\n\t\t<div class=\"elementor-element elementor-element-09a3a26 e-flex e-con-boxed e-con e-parent\" data-id=\"09a3a26\" data-element_type=\"container\" data-e-type=\"container\">\n\t\t\t\t\t<div class=\"e-con-inner\">\n\t\t<div class=\"elementor-element elementor-element-2a34cde e-con-full e-flex e-con e-child\" data-id=\"2a34cde\" data-element_type=\"container\" data-e-type=\"container\">\n\t\t\t\t<div class=\"elementor-element elementor-element-1cfaea2 elementor-widget elementor-widget-image\" data-id=\"1cfaea2\" data-element_type=\"widget\" data-e-type=\"widget\" data-widget_type=\"image.default\">\n\t\t\t\t\t\t\t\t\t\t\t\t\t\t\t<img decoding=\"async\" width=\"764\" height=\"508\" src=\"data:image\/svg+xml;charset=utf-8,%3Csvg xmlns%3D&#039;http%3A%2F%2Fwww.w3.org%2F2000%2Fsvg&#039; viewBox%3D&#039;0 0 764 508&#039;%2F%3E\" class=\"attachment-large size-large wp-image-6040 ld-lazyload\" alt=\"\" data-src=\"https:\/\/kuaspa.com\/wp-content\/uploads\/2026\/01\/nosotros03.webp\" data-srcset=\"https:\/\/kuaspa.com\/wp-content\/uploads\/2026\/01\/nosotros03.webp 764w, https:\/\/kuaspa.com\/wp-content\/uploads\/2026\/01\/nosotros03-300x199.webp 300w, https:\/\/kuaspa.com\/wp-content\/uploads\/2026\/01\/nosotros03-18x12.webp 18w, https:\/\/kuaspa.com\/wp-content\/uploads\/2026\/01\/nosotros03-720x480.webp 720w\" data-sizes=\"(max-width: 764px) 100vw, 764px\" data-aspect=\"1.503937007874\" \/>\t\t\t\t\t\t\t\t\t\t\t\t\t\t\t<\/div>\n\t\t\t\t<\/div>\n\t\t<div class=\"elementor-element elementor-element-6568f3b e-con-full e-flex e-con e-child\" data-id=\"6568f3b\" data-element_type=\"container\" data-e-type=\"container\">\n\t\t\t\t<div class=\"elementor-element elementor-element-ff10df2 elementor-widget elementor-widget-heading\" data-id=\"ff10df2\" data-element_type=\"widget\" data-e-type=\"widget\" data-widget_type=\"heading.default\">\n\t\t\t\t\t<p class=\"elementor-heading-title elementor-size-default\">K\u00faa Spa is nestled in nature at the Movich Las Lomas hotel in Rionegro, Antioquia. It boasts a modern and comprehensive facility, ideal for disconnecting and enjoying treatments in complete tranquility and comfort.<\/p>\t\t\t\t<\/div>\n\t\t\t\t<div class=\"elementor-element elementor-element-264acd7 elementor-widget elementor-widget-heading\" data-id=\"264acd7\" data-element_type=\"widget\" data-e-type=\"widget\" data-widget_type=\"heading.default\">\n\t\t\t\t\t<p class=\"elementor-heading-title elementor-size-default\">The spa offers a hydrotherapy experience that begins in a hammam designed in a rocky setting, continues through a Finnish sauna, thermal shock showers, and a floatation tank with salts. The spa also features a relaxation area, a face mask bar, and a leisure pool with a foot bath, jets, and other amenities.\n<\/p>\t\t\t\t<\/div>\n\t\t\t\t<\/div>\n\t\t\t\t\t<\/div>\n\t\t\t\t<\/div>\n\t\t<div class=\"elementor-element elementor-element-7059581 e-con-full e-flex e-con e-parent\" data-id=\"7059581\" data-element_type=\"container\" data-e-type=\"container\">\n\t\t\t\t<div class=\"elementor-element elementor-element-57f8f88 elementor-widget elementor-widget-ld_google_map\" data-id=\"57f8f88\" data-element_type=\"widget\" data-e-type=\"widget\" data-widget_type=\"ld_google_map.default\">\n\t\t\t\t<div class=\"elementor-widget-container\">\n\t\t\t\t\t\n\t\t\t<div class=\"ld-gmap-container pos-rel\">\n\t\t\t\t<div class=\"ld-gmap h-100\" data-plugin-map=\"true\" data-plugin-options='{\"style\":\"blueEssence\",\"address\":\"Movich Las Lomas, Glorieta Aeropuerto Jos\\u00e9 Mar\\u00eda C\\u00f3rdova, Rionegro, Antioquia\",\"marker_style\":\"default\",\"markers\":null,\"map\":{\"zoom\":16,\"mapTypeId\":\"roadmap\",\"zoomControl\":true}}'><\/div>\n\n\t\t\t\t\n\t\t\t<\/div>\n\n\t\t\t\t\t\t<\/div>\n\t\t\t\t<\/div>\n\t\t\t\t<\/div>\n\t\t\t\t<\/div>","protected":false},"excerpt":{"rendered":"<p>NOSOTROS K\u00faa Spa es un espacio \u00edntimo, dise\u00f1ado para entregar experiencias de bienestar y un equilibrio \u00f3ptimo entre lo f\u00edsico, lo mental y lo espiritual. K\u00faa va mas all\u00e1 del spa tradicional. Ofrecemos experiencias de bienestar, inspiradas en los 4 elementos de la naturaleza y en la que vivir\u00e1s tres pasos: desintoxicaci\u00f3n, relajaci\u00f3n y revitalizaci\u00f3n. [&hellip;]<\/p>\n","protected":false},"author":1,"featured_media":6038,"parent":0,"menu_order":0,"comment_status":"closed","ping_status":"closed","template":"","meta":{"footnotes":""},"class_list":["post-6034","page","type-page","status-publish","has-post-thumbnail","hentry"],"_links":{"self":[{"href":"https:\/\/kuaspa.com\/en\/wp-json\/wp\/v2\/pages\/6034","targetHints":{"allow":["GET"]}}],"collection":[{"href":"https:\/\/kuaspa.com\/en\/wp-json\/wp\/v2\/pages"}],"about":[{"href":"https:\/\/kuaspa.com\/en\/wp-json\/wp\/v2\/types\/page"}],"author":[{"embeddable":true,"href":"https:\/\/kuaspa.com\/en\/wp-json\/wp\/v2\/users\/1"}],"replies":[{"embeddable":true,"href":"https:\/\/kuaspa.com\/en\/wp-json\/wp\/v2\/comments?post=6034"}],"version-history":[{"count":9,"href":"https:\/\/kuaspa.com\/en\/wp-json\/wp\/v2\/pages\/6034\/revisions"}],"predecessor-version":[{"id":6312,"href":"https:\/\/kuaspa.com\/en\/wp-json\/wp\/v2\/pages\/6034\/revisions\/6312"}],"wp:featuredmedia":[{"embeddable":true,"href":"https:\/\/kuaspa.com\/en\/wp-json\/wp\/v2\/media\/6038"}],"wp:attachment":[{"href":"https:\/\/kuaspa.com\/en\/wp-json\/wp\/v2\/media?parent=6034"}],"curies":[{"name":"wp","href":"https:\/\/api.w.org\/{rel}","templated":true}]}}